{"id":5945,"date":"2023-04-09T11:47:24","date_gmt":"2023-04-09T09:47:24","guid":{"rendered":"https:\/\/ipiknik.studioin.org\/?page_id=5945"},"modified":"2023-04-09T11:56:18","modified_gmt":"2023-04-09T09:56:18","slug":"pikniki-za-podjetja","status":"publish","type":"page","link":"https:\/\/ipiknik.si\/index.php\/pikniki-za-podjetja\/","title":{"rendered":"PIKNIKI ZA PODJETJA"},"content":{"rendered":"\t\t<div data-elementor-type=\"wp-page\" data-elementor-id=\"5945\" class=\"elementor elementor-5945\">\n\t\t\t\t\t\t<section class=\"elementor-section elementor-top-section elementor-element elementor-element-8ed3901 elementor-section-stretched elementor-section-content-middle elementor-section-boxed elementor-section-height-default elementor-section-height-default\" data-id=\"8ed3901\" data-element_type=\"section\" data-settings=\"{&quot;stretch_section&quot;:&quot;section-stretched&quot;,&quot;background_background&quot;:&quot;classic&quot;}\">\n\t\t\t\t\t\t\t<div class=\"elementor-background-overlay\"><\/div>\n\t\t\t\t\t\t\t<div class=\"elementor-container elementor-column-gap-default\">\n\t\t\t\t\t<div class=\"elementor-column elementor-col-100 elementor-top-column elementor-element elementor-element-70f70055\" data-id=\"70f70055\" data-element_type=\"column\">\n\t\t\t<div class=\"elementor-widget-wrap elementor-element-populated\">\n\t\t\t\t\t\t<div class=\"elementor-element elementor-element-43e4f09b elementor-widget elementor-widget-heading\" data-id=\"43e4f09b\" data-element_type=\"widget\" data-widget_type=\"heading.default\">\n\t\t\t\t<div class=\"elementor-widget-container\">\n\t\t\t\t\t<h1 class=\"elementor-heading-title elementor-size-default\">PIKNIKI ZA PODJETJA<\/h1>\t\t\t\t<\/div>\n\t\t\t\t<\/div>\n\t\t\t\t\t<\/div>\n\t\t<\/div>\n\t\t\t\t\t<\/div>\n\t\t<\/section>\n\t\t\t\t<section class=\"elementor-section elementor-top-section elementor-element elementor-element-5ac7f12 elementor-section-boxed elementor-section-height-default elementor-section-height-default\" data-id=\"5ac7f12\" data-element_type=\"section\">\n\t\t\t\t\t\t<div class=\"elementor-container elementor-column-gap-default\">\n\t\t\t\t\t<div class=\"elementor-column elementor-col-100 elementor-top-column elementor-element elementor-element-9edde34\" data-id=\"9edde34\" data-element_type=\"column\">\n\t\t\t<div class=\"elementor-widget-wrap elementor-element-populated\">\n\t\t\t\t\t\t<div class=\"elementor-element elementor-element-522bca1 elementor-widget elementor-widget-spacer\" data-id=\"522bca1\" data-element_type=\"widget\" data-widget_type=\"spacer.default\">\n\t\t\t\t<div class=\"elementor-widget-container\">\n\t\t\t\t\t\t\t<div class=\"elementor-spacer\">\n\t\t\t<div class=\"elementor-spacer-inner\"><\/div>\n\t\t<\/div>\n\t\t\t\t\t\t<\/div>\n\t\t\t\t<\/div>\n\t\t\t\t\t<\/div>\n\t\t<\/div>\n\t\t\t\t\t<\/div>\n\t\t<\/section>\n\t\t\t\t<section class=\"elementor-section elementor-top-section elementor-element elementor-element-f71681a elementor-section-stretched elementor-section-boxed elementor-section-height-default elementor-section-height-default\" data-id=\"f71681a\" data-element_type=\"section\" data-settings=\"{&quot;stretch_section&quot;:&quot;section-stretched&quot;}\">\n\t\t\t\t\t\t\t<div class=\"elementor-background-overlay\"><\/div>\n\t\t\t\t\t\t\t<div class=\"elementor-container elementor-column-gap-default\">\n\t\t\t\t\t<div class=\"elementor-column elementor-col-100 elementor-top-column elementor-element elementor-element-98b1477\" data-id=\"98b1477\" data-element_type=\"column\">\n\t\t\t<div class=\"elementor-widget-wrap elementor-element-populated\">\n\t\t\t\t\t\t<div class=\"elementor-element elementor-element-ed32d43 elementor-widget elementor-widget-spacer\" data-id=\"ed32d43\" data-element_type=\"widget\" data-widget_type=\"spacer.default\">\n\t\t\t\t<div class=\"elementor-widget-container\">\n\t\t\t\t\t\t\t<div class=\"elementor-spacer\">\n\t\t\t<div class=\"elementor-spacer-inner\"><\/div>\n\t\t<\/div>\n\t\t\t\t\t\t<\/div>\n\t\t\t\t<\/div>\n\t\t\t\t<div class=\"elementor-element elementor-element-436cdf6 elementor-widget elementor-widget-heading\" data-id=\"436cdf6\" data-element_type=\"widget\" data-widget_type=\"heading.default\">\n\t\t\t\t<div class=\"elementor-widget-container\">\n\t\t\t\t\t<h1 class=\"elementor-heading-title elementor-size-default\">Dru\u017eenje s sodelavci izven delovnega \u010dasa je \u017ee skoraj pozabljena vrlina. Naj jo va\u0161e podjetje obnovi ter s piknikom poskrbi, da se med zaposlenimi stekjo ali pa utrdijo medsebojne vezi kar bo pripomoglo k ve\u010dji produktivnosti podjetja.\n\nNa pikniku priskrbimo za popolno postre\u017ebo s hrano iz \u017eara, ra\u017enja ali pa jedmi na \u017elico in pa tudi primerno ohlajeno pija\u010do. Za zabavo udele\u017eenih poskrbimo z glasbeno skupino, animatorjem ali pa na va\u0161o \u017eeljo z glasbo iz ra\u010dunalnika.<\/h1>\t\t\t\t<\/div>\n\t\t\t\t<\/div>\n\t\t\t\t<section class=\"elementor-section elementor-inner-section elementor-element elementor-element-cee108e elementor-section-boxed elementor-section-height-default elementor-section-height-default\" data-id=\"cee108e\" data-element_type=\"section\">\n\t\t\t\t\t\t<div class=\"elementor-container elementor-column-gap-default\">\n\t\t\t\t\t<div class=\"elementor-column elementor-col-50 elementor-inner-column elementor-element elementor-element-ad28ce1\" data-id=\"ad28ce1\" data-element_type=\"column\">\n\t\t\t<div class=\"elementor-widget-wrap elementor-element-populated\">\n\t\t\t\t\t\t<div class=\"elementor-element elementor-element-abae0e4 elementor-widget elementor-widget-image\" data-id=\"abae0e4\" data-element_type=\"widget\" data-widget_type=\"image.default\">\n\t\t\t\t<div class=\"elementor-widget-container\">\n\t\t\t\t\t\t\t\t\t\t\t\t\t\t\t<img fetchpriority=\"high\" decoding=\"async\" width=\"1024\" height=\"682\" src=\"https:\/\/ipiknik.si\/wp-content\/uploads\/2023\/04\/piknikpodjetja.jpg\" class=\"attachment-large size-large wp-image-5948\" alt=\"\" srcset=\"https:\/\/ipiknik.si\/wp-content\/uploads\/2023\/04\/piknikpodjetja.jpg 1024w, https:\/\/ipiknik.si\/wp-content\/uploads\/2023\/04\/piknikpodjetja-300x200.jpg 300w, https:\/\/ipiknik.si\/wp-content\/uploads\/2023\/04\/piknikpodjetja-768x512.jpg 768w, https:\/\/ipiknik.si\/wp-content\/uploads\/2023\/04\/piknikpodjetja-600x400.jpg 600w\" sizes=\"(max-width: 1024px) 100vw, 1024px\" \/>\t\t\t\t\t\t\t\t\t\t\t\t\t\t\t<\/div>\n\t\t\t\t<\/div>\n\t\t\t\t\t<\/div>\n\t\t<\/div>\n\t\t\t\t<div class=\"elementor-column elementor-col-50 elementor-inner-column elementor-element elementor-element-ddf721f\" data-id=\"ddf721f\" data-element_type=\"column\">\n\t\t\t<div class=\"elementor-widget-wrap elementor-element-populated\">\n\t\t\t\t\t\t<div class=\"elementor-element elementor-element-094815d elementor-widget elementor-widget-image\" data-id=\"094815d\" data-element_type=\"widget\" data-widget_type=\"image.default\">\n\t\t\t\t<div class=\"elementor-widget-container\">\n\t\t\t\t\t\t\t\t\t\t\t\t\t\t\t<img decoding=\"async\" width=\"1024\" height=\"682\" src=\"https:\/\/ipiknik.si\/wp-content\/uploads\/2023\/04\/piknikpodjetja1.jpg\" class=\"attachment-large size-large wp-image-5949\" alt=\"\" srcset=\"https:\/\/ipiknik.si\/wp-content\/uploads\/2023\/04\/piknikpodjetja1.jpg 1024w, https:\/\/ipiknik.si\/wp-content\/uploads\/2023\/04\/piknikpodjetja1-300x200.jpg 300w, https:\/\/ipiknik.si\/wp-content\/uploads\/2023\/04\/piknikpodjetja1-768x512.jpg 768w, https:\/\/ipiknik.si\/wp-content\/uploads\/2023\/04\/piknikpodjetja1-600x400.jpg 600w\" sizes=\"(max-width: 1024px) 100vw, 1024px\" \/>\t\t\t\t\t\t\t\t\t\t\t\t\t\t\t<\/div>\n\t\t\t\t<\/div>\n\t\t\t\t\t<\/div>\n\t\t<\/div>\n\t\t\t\t\t<\/div>\n\t\t<\/section>\n\t\t\t\t\t<\/div>\n\t\t<\/div>\n\t\t\t\t\t<\/div>\n\t\t<\/section>\n\t\t\t\t<section class=\"elementor-section elementor-top-section elementor-element elementor-element-e6c1d4e elementor-section-stretched elementor-section-boxed elementor-section-height-default elementor-section-height-default\" data-id=\"e6c1d4e\" data-element_type=\"section\" data-settings=\"{&quot;stretch_section&quot;:&quot;section-stretched&quot;}\">\n\t\t\t\t\t\t\t<div class=\"elementor-background-overlay\"><\/div>\n\t\t\t\t\t\t\t<div class=\"elementor-container elementor-column-gap-custom\">\n\t\t\t\t\t<div class=\"elementor-column elementor-col-100 elementor-top-column elementor-element elementor-element-3822268\" data-id=\"3822268\" data-element_type=\"column\">\n\t\t\t<div class=\"elementor-widget-wrap elementor-element-populated\">\n\t\t\t\t\t\t<div class=\"elementor-element elementor-element-91c8f52 elementor-widget elementor-widget-heading\" data-id=\"91c8f52\" data-element_type=\"widget\" data-widget_type=\"heading.default\">\n\t\t\t\t<div class=\"elementor-widget-container\">\n\t\t\t\t\t<h3 class=\"elementor-heading-title elementor-size-default\">Dovolite nam, da mi poskrbimo za va\u0161e nepozabno do\u017eivetje.<\/h3>\t\t\t\t<\/div>\n\t\t\t\t<\/div>\n\t\t\t\t<div class=\"elementor-element elementor-element-646eed34 elementor-align-center elementor-mobile-align-center elementor-widget elementor-widget-button\" data-id=\"646eed34\" data-element_type=\"widget\" data-widget_type=\"button.default\">\n\t\t\t\t<div class=\"elementor-widget-container\">\n\t\t\t\t\t\t\t\t\t<div class=\"elementor-button-wrapper\">\n\t\t\t\t\t<a class=\"elementor-button elementor-button-link elementor-size-sm elementor-animation-shrink\" href=\"mailto:info@ipiknik.si\">\n\t\t\t\t\t\t<span class=\"elementor-button-content-wrapper\">\n\t\t\t\t\t\t\t\t\t<span class=\"elementor-button-text\">REZERVACIJA<\/span>\n\t\t\t\t\t<\/span>\n\t\t\t\t\t<\/a>\n\t\t\t\t<\/div>\n\t\t\t\t\t\t\t\t<\/div>\n\t\t\t\t<\/div>\n\t\t\t\t\t<\/div>\n\t\t<\/div>\n\t\t\t\t\t<\/div>\n\t\t<\/section>\n\t\t\t\t<\/div>\n\t\t","protected":false},"excerpt":{"rendered":"<p>PIKNIKI ZA PODJETJA Dru\u017eenje s sodelavci izven delovnega \u010dasa je \u017ee skoraj pozabljena vrlina. Naj jo va\u0161e podjetje obnovi ter s piknikom poskrbi, da se med zaposlenimi stekjo ali pa utrdijo medsebojne vezi kar bo pripomoglo k ve\u010dji produktivnosti podjetja. Na pikniku priskrbimo za popolno postre\u017ebo s hrano iz \u017eara, ra\u017enja ali pa jedmi na [&hellip;]<\/p>\n","protected":false},"author":1,"featured_media":0,"parent":0,"menu_order":0,"comment_status":"closed","ping_status":"closed","template":"","meta":{"footnotes":""},"class_list":["post-5945","page","type-page","status-publish","hentry"],"_links":{"self":[{"href":"https:\/\/ipiknik.si\/index.php\/wp-json\/wp\/v2\/pages\/5945","targetHints":{"allow":["GET"]}}],"collection":[{"href":"https:\/\/ipiknik.si\/index.php\/wp-json\/wp\/v2\/pages"}],"about":[{"href":"https:\/\/ipiknik.si\/index.php\/wp-json\/wp\/v2\/types\/page"}],"author":[{"embeddable":true,"href":"https:\/\/ipiknik.si\/index.php\/wp-json\/wp\/v2\/users\/1"}],"replies":[{"embeddable":true,"href":"https:\/\/ipiknik.si\/index.php\/wp-json\/wp\/v2\/comments?post=5945"}],"version-history":[{"count":4,"href":"https:\/\/ipiknik.si\/index.php\/wp-json\/wp\/v2\/pages\/5945\/revisions"}],"predecessor-version":[{"id":5952,"href":"https:\/\/ipiknik.si\/index.php\/wp-json\/wp\/v2\/pages\/5945\/revisions\/5952"}],"wp:attachment":[{"href":"https:\/\/ipiknik.si\/index.php\/wp-json\/wp\/v2\/media?parent=5945"}],"curies":[{"name":"wp","href":"https:\/\/api.w.org\/{rel}","templated":true}]}}