{"id":6071,"date":"2023-04-09T17:15:09","date_gmt":"2023-04-09T15:15:09","guid":{"rendered":"https:\/\/ipiknik.studioin.org\/?page_id=6071"},"modified":"2023-04-09T17:19:00","modified_gmt":"2023-04-09T15:19:00","slug":"jedi-na-zlico","status":"publish","type":"page","link":"https:\/\/ipiknik.si\/index.php\/jedi-na-zlico\/","title":{"rendered":"JEDI NA \u017dLICO"},"content":{"rendered":"\t\t<div data-elementor-type=\"wp-page\" data-elementor-id=\"6071\" class=\"elementor elementor-6071\">\n\t\t\t\t\t\t<section class=\"elementor-section elementor-top-section elementor-element elementor-element-8ed3901 elementor-section-stretched elementor-section-content-middle elementor-section-boxed elementor-section-height-default elementor-section-height-default\" data-id=\"8ed3901\" data-element_type=\"section\" data-settings=\"{&quot;stretch_section&quot;:&quot;section-stretched&quot;,&quot;background_background&quot;:&quot;classic&quot;}\">\n\t\t\t\t\t\t\t<div class=\"elementor-background-overlay\"><\/div>\n\t\t\t\t\t\t\t<div class=\"elementor-container elementor-column-gap-default\">\n\t\t\t\t\t<div class=\"elementor-column elementor-col-100 elementor-top-column elementor-element elementor-element-70f70055\" data-id=\"70f70055\" data-element_type=\"column\">\n\t\t\t<div class=\"elementor-widget-wrap elementor-element-populated\">\n\t\t\t\t\t\t<div class=\"elementor-element elementor-element-43e4f09b elementor-widget elementor-widget-heading\" data-id=\"43e4f09b\" data-element_type=\"widget\" data-widget_type=\"heading.default\">\n\t\t\t\t<div class=\"elementor-widget-container\">\n\t\t\t\t\t<h1 class=\"elementor-heading-title elementor-size-default\">JEDI NA \u017dLICO<\/h1>\t\t\t\t<\/div>\n\t\t\t\t<\/div>\n\t\t\t\t\t<\/div>\n\t\t<\/div>\n\t\t\t\t\t<\/div>\n\t\t<\/section>\n\t\t\t\t<section class=\"elementor-section elementor-top-section elementor-element elementor-element-5ac7f12 elementor-section-boxed elementor-section-height-default elementor-section-height-default\" data-id=\"5ac7f12\" data-element_type=\"section\">\n\t\t\t\t\t\t<div class=\"elementor-container elementor-column-gap-default\">\n\t\t\t\t\t<div class=\"elementor-column elementor-col-100 elementor-top-column elementor-element elementor-element-9edde34\" data-id=\"9edde34\" data-element_type=\"column\">\n\t\t\t<div class=\"elementor-widget-wrap elementor-element-populated\">\n\t\t\t\t\t\t<div class=\"elementor-element elementor-element-522bca1 elementor-widget elementor-widget-spacer\" data-id=\"522bca1\" data-element_type=\"widget\" data-widget_type=\"spacer.default\">\n\t\t\t\t<div class=\"elementor-widget-container\">\n\t\t\t\t\t\t\t<div class=\"elementor-spacer\">\n\t\t\t<div class=\"elementor-spacer-inner\"><\/div>\n\t\t<\/div>\n\t\t\t\t\t\t<\/div>\n\t\t\t\t<\/div>\n\t\t\t\t\t<\/div>\n\t\t<\/div>\n\t\t\t\t\t<\/div>\n\t\t<\/section>\n\t\t\t\t<section class=\"elementor-section elementor-top-section elementor-element elementor-element-f71681a elementor-section-stretched elementor-section-boxed elementor-section-height-default elementor-section-height-default\" data-id=\"f71681a\" data-element_type=\"section\" data-settings=\"{&quot;stretch_section&quot;:&quot;section-stretched&quot;}\">\n\t\t\t\t\t\t\t<div class=\"elementor-background-overlay\"><\/div>\n\t\t\t\t\t\t\t<div class=\"elementor-container elementor-column-gap-default\">\n\t\t\t\t\t<div class=\"elementor-column elementor-col-100 elementor-top-column elementor-element elementor-element-98b1477\" data-id=\"98b1477\" data-element_type=\"column\">\n\t\t\t<div class=\"elementor-widget-wrap elementor-element-populated\">\n\t\t\t\t\t\t<div class=\"elementor-element elementor-element-ed32d43 elementor-widget elementor-widget-spacer\" data-id=\"ed32d43\" data-element_type=\"widget\" data-widget_type=\"spacer.default\">\n\t\t\t\t<div class=\"elementor-widget-container\">\n\t\t\t\t\t\t\t<div class=\"elementor-spacer\">\n\t\t\t<div class=\"elementor-spacer-inner\"><\/div>\n\t\t<\/div>\n\t\t\t\t\t\t<\/div>\n\t\t\t\t<\/div>\n\t\t\t\t<div class=\"elementor-element elementor-element-436cdf6 elementor-widget elementor-widget-heading\" data-id=\"436cdf6\" data-element_type=\"widget\" data-widget_type=\"heading.default\">\n\t\t\t\t<div class=\"elementor-widget-container\">\n\t\t\t\t\t<h1 class=\"elementor-heading-title elementor-size-default\">Za\u010dnite piknik z okusnim divja\u010dinskim ali svinjskim gola\u017eem, bogra\u010dem, pasuljem, pohorskim loncem ali pa ga zaklju\u010dite s \u0161tajersko kislo juho ali pa joto. V na\u0161em kotlu je prostor za vsakr\u0161no jed na \u017elico, ki samo \u0161e obogati na\u0161o ponudbo pe\u010denega mesa.<\/h1>\t\t\t\t<\/div>\n\t\t\t\t<\/div>\n\t\t\t\t<section class=\"elementor-section elementor-inner-section elementor-element elementor-element-cee108e elementor-section-boxed elementor-section-height-default elementor-section-height-default\" data-id=\"cee108e\" data-element_type=\"section\">\n\t\t\t\t\t\t<div class=\"elementor-container elementor-column-gap-default\">\n\t\t\t\t\t<div class=\"elementor-column elementor-col-50 elementor-inner-column elementor-element elementor-element-69de201\" data-id=\"69de201\" data-element_type=\"column\">\n\t\t\t<div class=\"elementor-widget-wrap elementor-element-populated\">\n\t\t\t\t\t\t<div class=\"elementor-element elementor-element-80f97e9 elementor-widget elementor-widget-image\" data-id=\"80f97e9\" data-element_type=\"widget\" data-widget_type=\"image.default\">\n\t\t\t\t<div class=\"elementor-widget-container\">\n\t\t\t\t\t\t\t\t\t\t\t\t\t\t\t<img fetchpriority=\"high\" decoding=\"async\" width=\"1024\" height=\"1024\" src=\"https:\/\/ipiknik.si\/wp-content\/uploads\/2023\/04\/ipiknik-14.jpg\" class=\"attachment-large size-large wp-image-5458\" alt=\"\" srcset=\"https:\/\/ipiknik.si\/wp-content\/uploads\/2023\/04\/ipiknik-14.jpg 1024w, https:\/\/ipiknik.si\/wp-content\/uploads\/2023\/04\/ipiknik-14-300x300.jpg 300w, https:\/\/ipiknik.si\/wp-content\/uploads\/2023\/04\/ipiknik-14-150x150.jpg 150w, https:\/\/ipiknik.si\/wp-content\/uploads\/2023\/04\/ipiknik-14-768x768.jpg 768w, https:\/\/ipiknik.si\/wp-content\/uploads\/2023\/04\/ipiknik-14-720x720.jpg 720w, https:\/\/ipiknik.si\/wp-content\/uploads\/2023\/04\/ipiknik-14-600x600.jpg 600w, https:\/\/ipiknik.si\/wp-content\/uploads\/2023\/04\/ipiknik-14-100x100.jpg 100w\" sizes=\"(max-width: 1024px) 100vw, 1024px\" \/>\t\t\t\t\t\t\t\t\t\t\t\t\t\t\t<\/div>\n\t\t\t\t<\/div>\n\t\t\t\t\t<\/div>\n\t\t<\/div>\n\t\t\t\t<div class=\"elementor-column elementor-col-50 elementor-inner-column elementor-element elementor-element-1099d65\" data-id=\"1099d65\" data-element_type=\"column\">\n\t\t\t<div class=\"elementor-widget-wrap elementor-element-populated\">\n\t\t\t\t\t\t<div class=\"elementor-element elementor-element-67699cc elementor-widget elementor-widget-image\" data-id=\"67699cc\" data-element_type=\"widget\" data-widget_type=\"image.default\">\n\t\t\t\t<div class=\"elementor-widget-container\">\n\t\t\t\t\t\t\t\t\t\t\t\t\t\t\t<img decoding=\"async\" width=\"1024\" height=\"682\" src=\"https:\/\/ipiknik.si\/wp-content\/uploads\/2023\/04\/jedinazlico.jpg\" class=\"attachment-large size-large wp-image-6075\" alt=\"\" srcset=\"https:\/\/ipiknik.si\/wp-content\/uploads\/2023\/04\/jedinazlico.jpg 1024w, https:\/\/ipiknik.si\/wp-content\/uploads\/2023\/04\/jedinazlico-300x200.jpg 300w, https:\/\/ipiknik.si\/wp-content\/uploads\/2023\/04\/jedinazlico-768x512.jpg 768w, https:\/\/ipiknik.si\/wp-content\/uploads\/2023\/04\/jedinazlico-600x400.jpg 600w\" sizes=\"(max-width: 1024px) 100vw, 1024px\" \/>\t\t\t\t\t\t\t\t\t\t\t\t\t\t\t<\/div>\n\t\t\t\t<\/div>\n\t\t\t\t\t<\/div>\n\t\t<\/div>\n\t\t\t\t\t<\/div>\n\t\t<\/section>\n\t\t\t\t\t<\/div>\n\t\t<\/div>\n\t\t\t\t\t<\/div>\n\t\t<\/section>\n\t\t\t\t<section class=\"elementor-section elementor-top-section elementor-element elementor-element-e6c1d4e elementor-section-stretched elementor-section-boxed elementor-section-height-default elementor-section-height-default\" data-id=\"e6c1d4e\" data-element_type=\"section\" data-settings=\"{&quot;stretch_section&quot;:&quot;section-stretched&quot;}\">\n\t\t\t\t\t\t\t<div class=\"elementor-background-overlay\"><\/div>\n\t\t\t\t\t\t\t<div class=\"elementor-container elementor-column-gap-custom\">\n\t\t\t\t\t<div class=\"elementor-column elementor-col-100 elementor-top-column elementor-element elementor-element-3822268\" data-id=\"3822268\" data-element_type=\"column\">\n\t\t\t<div class=\"elementor-widget-wrap elementor-element-populated\">\n\t\t\t\t\t\t<div class=\"elementor-element elementor-element-91c8f52 elementor-widget elementor-widget-heading\" data-id=\"91c8f52\" data-element_type=\"widget\" data-widget_type=\"heading.default\">\n\t\t\t\t<div class=\"elementor-widget-container\">\n\t\t\t\t\t<h3 class=\"elementor-heading-title elementor-size-default\">Dovolite nam, da mi poskrbimo za va\u0161e nepozabno do\u017eivetje.<\/h3>\t\t\t\t<\/div>\n\t\t\t\t<\/div>\n\t\t\t\t<div class=\"elementor-element elementor-element-646eed34 elementor-align-center elementor-mobile-align-center elementor-widget elementor-widget-button\" data-id=\"646eed34\" data-element_type=\"widget\" data-widget_type=\"button.default\">\n\t\t\t\t<div class=\"elementor-widget-container\">\n\t\t\t\t\t\t\t\t\t<div class=\"elementor-button-wrapper\">\n\t\t\t\t\t<a class=\"elementor-button elementor-button-link elementor-size-sm elementor-animation-shrink\" href=\"mailto:info@ipiknik.si\">\n\t\t\t\t\t\t<span class=\"elementor-button-content-wrapper\">\n\t\t\t\t\t\t\t\t\t<span class=\"elementor-button-text\">REZERVACIJA<\/span>\n\t\t\t\t\t<\/span>\n\t\t\t\t\t<\/a>\n\t\t\t\t<\/div>\n\t\t\t\t\t\t\t\t<\/div>\n\t\t\t\t<\/div>\n\t\t\t\t\t<\/div>\n\t\t<\/div>\n\t\t\t\t\t<\/div>\n\t\t<\/section>\n\t\t\t\t<\/div>\n\t\t","protected":false},"excerpt":{"rendered":"<p>JEDI NA \u017dLICO Za\u010dnite piknik z okusnim divja\u010dinskim ali svinjskim gola\u017eem, bogra\u010dem, pasuljem, pohorskim loncem ali pa ga zaklju\u010dite s \u0161tajersko kislo juho ali pa joto. V na\u0161em kotlu je prostor za vsakr\u0161no jed na \u017elico, ki samo \u0161e obogati na\u0161o ponudbo pe\u010denega mesa. Dovolite nam, da mi poskrbimo za va\u0161e nepozabno do\u017eivetje. REZERVACIJA<\/p>\n","protected":false},"author":1,"featured_media":0,"parent":0,"menu_order":0,"comment_status":"closed","ping_status":"closed","template":"","meta":{"footnotes":""},"class_list":["post-6071","page","type-page","status-publish","hentry"],"_links":{"self":[{"href":"https:\/\/ipiknik.si\/index.php\/wp-json\/wp\/v2\/pages\/6071","targetHints":{"allow":["GET"]}}],"collection":[{"href":"https:\/\/ipiknik.si\/index.php\/wp-json\/wp\/v2\/pages"}],"about":[{"href":"https:\/\/ipiknik.si\/index.php\/wp-json\/wp\/v2\/types\/page"}],"author":[{"embeddable":true,"href":"https:\/\/ipiknik.si\/index.php\/wp-json\/wp\/v2\/users\/1"}],"replies":[{"embeddable":true,"href":"https:\/\/ipiknik.si\/index.php\/wp-json\/wp\/v2\/comments?post=6071"}],"version-history":[{"count":4,"href":"https:\/\/ipiknik.si\/index.php\/wp-json\/wp\/v2\/pages\/6071\/revisions"}],"predecessor-version":[{"id":6078,"href":"https:\/\/ipiknik.si\/index.php\/wp-json\/wp\/v2\/pages\/6071\/revisions\/6078"}],"wp:attachment":[{"href":"https:\/\/ipiknik.si\/index.php\/wp-json\/wp\/v2\/media?parent=6071"}],"curies":[{"name":"wp","href":"https:\/\/api.w.org\/{rel}","templated":true}]}}